{"id":3238,"date":"2022-01-03T20:32:31","date_gmt":"2022-01-03T19:32:31","guid":{"rendered":"https:\/\/easysegway.com\/einfaches-segway-prag\/"},"modified":"2022-01-03T20:32:31","modified_gmt":"2022-01-03T19:32:31","slug":"einfaches-segway-prag","status":"publish","type":"page","link":"https:\/\/easysegway.com\/de\/","title":{"rendered":"Einfaches Segway Prag"},"content":{"rendered":"<p><strong style=\"font-size: 18px;\">Zum ersten Mal in Prag? Easy Segway Prague bietet Ihnen die M\u00f6glichkeit, die wichtigsten Sehensw\u00fcrdigkeiten von Prag auf einfache und unterhaltsame Weise schnell zu entdecken.<\/strong><\/p>\n<p>Nehmen Sie eine der besten Routen, reich an Geschichte und ber\u00fchmten Sehensw\u00fcrdigkeiten, mit einem lokalen Guide auf dem Soft Fat eBike, auf dem eScooter, auf dem dreir\u00e4drigen Trycycle (genannt Trike) oder auf einem Segway. Erkunden Sie so viel Geschichte, wie Sie m\u00f6chten, und machen Sie tolle Fotos an den besten Aussichtspunkten.<\/p>\n<p><em style=\"float:right;\" >Machen Sie Ihre Reise einfach!<\/em><\/p>\n","protected":false},"excerpt":{"rendered":"<p>Zum ersten Mal in Prag? Easy Segway Prague bietet Ihnen die M\u00f6glichkeit, die wichtigsten Sehensw\u00fcrdigkeiten von Prag auf einfache und unterhaltsame Weise schnell zu entdecken. Nehmen Sie eine der besten [&#8230;]<\/p>\n<p><a class=\"btn btn-secondary understrap-read-more-link more-link\" href=\"https:\/\/easysegway.com\/de\/\"> Weiterlesen<span class=\"screen-reader-text\"> from Einfaches Segway Prag<\/span><\/a><\/p>\n","protected":false},"author":1,"featured_media":2532,"parent":0,"menu_order":0,"comment_status":"closed","ping_status":"closed","template":"template-front-page.php","meta":{"_acf_changed":false,"footnotes":""},"class_list":["post-3238","page","type-page","status-publish","has-post-thumbnail","hentry"],"acf":[],"_links":{"self":[{"href":"https:\/\/easysegway.com\/de\/wp-json\/wp\/v2\/pages\/3238","targetHints":{"allow":["GET"]}}],"collection":[{"href":"https:\/\/easysegway.com\/de\/wp-json\/wp\/v2\/pages"}],"about":[{"href":"https:\/\/easysegway.com\/de\/wp-json\/wp\/v2\/types\/page"}],"author":[{"embeddable":true,"href":"https:\/\/easysegway.com\/de\/wp-json\/wp\/v2\/users\/1"}],"replies":[{"embeddable":true,"href":"https:\/\/easysegway.com\/de\/wp-json\/wp\/v2\/comments?post=3238"}],"version-history":[{"count":0,"href":"https:\/\/easysegway.com\/de\/wp-json\/wp\/v2\/pages\/3238\/revisions"}],"wp:featuredmedia":[{"embeddable":true,"href":"https:\/\/easysegway.com\/de\/wp-json\/wp\/v2\/media\/2532"}],"wp:attachment":[{"href":"https:\/\/easysegway.com\/de\/wp-json\/wp\/v2\/media?parent=3238"}],"curies":[{"name":"wp","href":"https:\/\/api.w.org\/{rel}","templated":true}]}}