{"id":2623,"date":"2022-01-03T20:32:31","date_gmt":"2022-01-03T19:32:31","guid":{"rendered":"https:\/\/easysegway.com\/easy-segway-praga\/"},"modified":"2022-12-04T11:35:48","modified_gmt":"2022-12-04T10:35:48","slug":"easy-segway-praga","status":"publish","type":"page","link":"https:\/\/easysegway.com\/es\/","title":{"rendered":"Easy Segway Praga"},"content":{"rendered":"<p><strong style=\"font-size: 18px;\">\u00bfPrimera vez en Praga? Easy Segway Prague le ofrece una opci\u00f3n para descubrir los principales lugares de inter\u00e9s de Praga r\u00e1pidamente de una manera f\u00e1cil y divertida.<\/strong><\/p>\n<p>Realice una de las mejores rutas, rica en historia y monumentos famosos, con un gu\u00eda local en la Soft Fat eBike, en eScooter, en triciclo de 3 ruedas (llamado Trike) o en Segway. Explora toda la historia que quieras y haz excelentes fotos en los mejores miradores.<\/p>\n<p><em style=\"float: right;\">\u00a1Haz que tu viaje sea f\u00e1cil!<\/em><\/p>\n","protected":false},"excerpt":{"rendered":"<p>\u00bfPrimera vez en Praga? Easy Segway Prague le ofrece una opci\u00f3n para descubrir los principales lugares de inter\u00e9s de Praga r\u00e1pidamente de una manera f\u00e1cil y divertida. Realice una de [&#8230;]<\/p>\n<p><a class=\"btn btn-secondary understrap-read-more-link more-link\" href=\"https:\/\/easysegway.com\/es\/\"> Leer mas<span class=\"screen-reader-text\"> from Easy Segway Praga<\/span><\/a><\/p>\n","protected":false},"author":1,"featured_media":2534,"parent":0,"menu_order":0,"comment_status":"closed","ping_status":"closed","template":"template-front-page.php","meta":{"_acf_changed":false,"footnotes":""},"class_list":["post-2623","page","type-page","status-publish","has-post-thumbnail","hentry"],"acf":[],"_links":{"self":[{"href":"https:\/\/easysegway.com\/es\/wp-json\/wp\/v2\/pages\/2623","targetHints":{"allow":["GET"]}}],"collection":[{"href":"https:\/\/easysegway.com\/es\/wp-json\/wp\/v2\/pages"}],"about":[{"href":"https:\/\/easysegway.com\/es\/wp-json\/wp\/v2\/types\/page"}],"author":[{"embeddable":true,"href":"https:\/\/easysegway.com\/es\/wp-json\/wp\/v2\/users\/1"}],"replies":[{"embeddable":true,"href":"https:\/\/easysegway.com\/es\/wp-json\/wp\/v2\/comments?post=2623"}],"version-history":[{"count":2,"href":"https:\/\/easysegway.com\/es\/wp-json\/wp\/v2\/pages\/2623\/revisions"}],"predecessor-version":[{"id":3120,"href":"https:\/\/easysegway.com\/es\/wp-json\/wp\/v2\/pages\/2623\/revisions\/3120"}],"wp:featuredmedia":[{"embeddable":true,"href":"https:\/\/easysegway.com\/es\/wp-json\/wp\/v2\/media\/2534"}],"wp:attachment":[{"href":"https:\/\/easysegway.com\/es\/wp-json\/wp\/v2\/media?parent=2623"}],"curies":[{"name":"wp","href":"https:\/\/api.w.org\/{rel}","templated":true}]}}